{"id":330,"date":"2024-03-12T09:14:52","date_gmt":"2024-03-12T09:14:52","guid":{"rendered":"https:\/\/alumnes.eram.cat\/fm\/artactivista\/?page_id=330"},"modified":"2024-03-31T19:03:07","modified_gmt":"2024-03-31T19:03:07","slug":"artivisme","status":"publish","type":"page","link":"https:\/\/alumnes.eram.cat\/fm\/artactivista\/","title":{"rendered":"ARTIVISME"},"content":{"rendered":"\n<p class=\"has-text-color has-link-color has-medium-font-size wp-elements-cf00f75cb6fe9819ba973c1f132b699c\" style=\"color:#f40404\"><\/p>\n\n\n\n<p>L\u2019activisme artistic o l\u2019artivisme \u00e9s un tipus d\u2019activisme que utilitza l\u2019art com a medi d&#8217;expressi\u00f3 i de difusi\u00f3, divulgant aix\u00ed uns clars missatges sociopol\u00edtics i de denuncia enfocats al canvi i a la transformaci\u00f3. El concepte activisme art\u00edstic va sorgir de la polititzaci\u00f3 de l&#8217;avantguarda europea d&#8217;entreguerres. Es preferible al d&#8217;\u00abart activista\u00bb perqu\u00e8, en aquest segon, sembla que l&#8217;activisme \u00e9s un adjectiu o un cognom de l&#8217;art mentre que, en aquest, \u00e9s l&#8217;activisme el que prima permetent-nos alhora subratllar la dimensi\u00f3 art\u00edstica de certes pr\u00e0ctiques de intervenci\u00f3 social.<br><br>Quan parlem \u00abd\u2019activisme art\u00edstic\u00bb, cal considerar la s\u00edntesi pr\u00e0ctica d&#8217;una multiplicitat: no \u00e9s un estil, ni un corrent, ni un moviment. L\u2019artivisme es caracteritza per desenvolupar un llenguatge de llibertat i d\u2019autonomia que es surt de les normes culturals preestablertes, d\u2019all\u00f2 est\u00e8tic i de la tend\u00e8ncia majorit\u00e0ria. Destaca per la confluencia entre pr\u00e0ctiques especialitzades (pl\u00e0stica, literatura, teatre, m\u00fasica\u2026) i no especialitzades (formes d&#8217;invenci\u00f3 i sabers populars, extra institucionals\u2026)<\/p>\n\n\n\n<div class=\"wp-block-buttons is-layout-flex wp-block-buttons-is-layout-flex\">\n<div class=\"wp-block-button is-style-fill\"><a class=\"wp-block-button__link wp-element-button\" href=\"https:\/\/alumnes.eram.cat\/fm\/artactivista\/artivisme-i-els-seus-origens\/\">Llegeix m\u00e9s<\/a><\/div>\n<\/div>\n\n\n\n<div style=\"height:100px\" aria-hidden=\"true\" class=\"wp-block-spacer\"><\/div>\n\n\n<div class=\"root-eb-post-carousel-smite wp-block-essential-blocks-post-carousel\">\n    <div class=\"eb-parent-wrapper eb-parent-eb-post-carousel-smite \">\n        <div class=\"eb-post-carousel-smite style-1 slick-arrows equal-height dot-circle eb-post-carousel-wrapper\"\n            data-id=\"eb-post-carousel-smite\"\n            data-querydata=\"a:13:{s:6:&quot;source&quot;;s:4:&quot;post&quot;;s:11:&quot;sourceIndex&quot;;i:0;s:9:&quot;rest_base&quot;;s:5:&quot;posts&quot;;s:14:&quot;rest_namespace&quot;;s:5:&quot;wp\/v2&quot;;s:6:&quot;author&quot;;s:0:&quot;&quot;;s:10:&quot;taxonomies&quot;;a:0:{}s:8:&quot;per_page&quot;;s:1:&quot;6&quot;;s:6:&quot;offset&quot;;s:1:&quot;0&quot;;s:7:&quot;orderby&quot;;s:4:&quot;date&quot;;s:5:&quot;order&quot;;s:4:&quot;desc&quot;;s:7:&quot;include&quot;;s:0:&quot;&quot;;s:7:&quot;exclude&quot;;s:0:&quot;&quot;;s:15:&quot;exclude_current&quot;;b:0;}\"\n            data-slidersettings=\"{&quot;arrows&quot;:true,&quot;dots&quot;:true,&quot;autoplaySpeed&quot;:3000,&quot;speed&quot;:500,&quot;adaptiveHeight&quot;:true,&quot;autoplay&quot;:true,&quot;infinite&quot;:true,&quot;pauseOnHover&quot;:true,&quot;slideToShowRange&quot;:3,&quot;leftArrowIcon&quot;:&quot;fas fa-chevron-circle-left&quot;,&quot;rightArrowIcon&quot;:&quot;fas fa-chevron-circle-right&quot;,&quot;addIcon&quot;:false,&quot;showFallbackImg&quot;:false,&quot;fallbackImgUrl&quot;:&quot;&quot;,&quot;isRTLEnable&quot;:false,&quot;TABslideToShowRange&quot;:2,&quot;MOBslideToShowRange&quot;:1}\"\n            data-attributes=\"{&quot;preset&quot;:&quot;style-1&quot;,&quot;showThumbnail&quot;:true,&quot;showTitle&quot;:true,&quot;titleLength&quot;:&quot;10&quot;,&quot;titleTag&quot;:&quot;h2&quot;,&quot;showContent&quot;:true,&quot;contentLength&quot;:20,&quot;expansionIndicator&quot;:&quot;...&quot;,&quot;showReadMore&quot;:false,&quot;readmoreText&quot;:&quot;Read More&quot;,&quot;showMeta&quot;:true,&quot;headerMeta&quot;:&quot;[{\\&quot;value\\&quot;:\\&quot;categories\\&quot;,\\&quot;label\\&quot;:\\&quot;Categories\\&quot;}]&quot;,&quot;footerMeta&quot;:&quot;[{\\&quot;value\\&quot;:\\&quot;avatar\\&quot;,\\&quot;label\\&quot;:\\&quot;Author Avatar\\&quot;},{\\&quot;value\\&quot;:\\&quot;author\\&quot;,\\&quot;label\\&quot;:\\&quot;Author Name\\&quot;},{\\&quot;value\\&quot;:\\&quot;date\\&quot;,\\&quot;label\\&quot;:\\&quot;Published Date\\&quot;}]&quot;,&quot;authorPrefix&quot;:&quot;by&quot;,&quot;datePrefix&quot;:&quot;on&quot;,&quot;showBlockContent&quot;:true,&quot;leftArrowIcon&quot;:&quot;fas fa-chevron-circle-left&quot;,&quot;rightArrowIcon&quot;:&quot;fas fa-chevron-circle-right&quot;,&quot;showFallbackImg&quot;:false,&quot;isRTLEnable&quot;:false}\">\n\n            <div class=\"eb-post-carousel init-eb-post-carousel-smite\"\n                data-id=\"eb-post-carousel-smite\">\n                <article class=\"ebpg-carousel-post ebpg-post-carousel-column\" data-id=\"649\"><div class=\"ebpg-carousel-post-holder\"><div class=\"ebpg-entry-media\">\n                <div class=\"ebpg-entry-thumbnail\">\n                    <a class=\"ebpg-post-link-wrapper eb-sr-only\" href=\"https:\/\/alumnes.eram.cat\/fm\/artactivista\/lart-generatiu\/\">L&#8217;art generatiu<\/a>\n                    <img fetchpriority=\"high\" decoding=\"async\" width=\"1764\" height=\"1170\" src=\"https:\/\/alumnes.eram.cat\/fm\/artactivista\/wp-content\/uploads\/sites\/217\/2024\/03\/Captura-de-Pantalla-2024-04-01-a-las-1.19.45.png\" class=\"attachment-full size-full\" alt=\"\" \/>\n                <\/div>\n            <\/div><div class=\"ebpg-entry-wrapper\"><div class=\"ebpg-entry-meta ebpg-header-meta\"><div class=\"ebpg-entry-meta-items\"><div class=\"ebpg-meta ebpg-categories-meta\"><a href=\"https:\/\/alumnes.eram.cat\/fm\/artactivista\/category\/actualitat\/\" title=\"Actualitat\">Actualitat<\/a><a href=\"https:\/\/alumnes.eram.cat\/fm\/artactivista\/category\/art-interactiu\/\" title=\"Art interactiu\">Art interactiu<\/a><\/div><\/div><\/div><header class=\"ebpg-entry-header\">\n            <h2 class=\"ebpg-entry-title\">\n                <a class=\"ebpg-carousel-post-link\" href=\"https:\/\/alumnes.eram.cat\/fm\/artactivista\/lart-generatiu\/\" title=\"L&#039;art generatiu\">L&#8217;art generatiu<\/a>\n            <\/h2>\n        <\/header><div class=\"ebpg-entry-content\"><div class=\"ebpg-carousel-post-excerpt\">\n            <p>Amb l&#8217;aparici\u00f3 de les noves tecnologies digitals de la d\u00e8cada dels dos mil tamb\u00e9 han sortit noves t\u00e8cniques d&#8217;expressi\u00f3 art\u00edstica&#8230;<\/p>\n        <\/div><\/div><div class=\"ebpg-entry-meta ebpg-footer-meta\"><div class=\"ebpg-author-avatar\">\n            <a href=\"https:\/\/alumnes.eram.cat\/fm\/artactivista\/author\/ariadnaribas\/\">\n                <img decoding=\"async\" alt=\"ariadnaribas\" src=\"https:\/\/secure.gravatar.com\/avatar\/df5e6d9c2865bc275c7612a11b58699c9fd00b9eefdcde65531dd5d915c2e0ed?s=96&amp;d=mm&amp;r=g\" \/>\n            <\/a>\n        <\/div><div class=\"ebpg-entry-meta-items\"><span class=\"ebpg-posted-by\">\n            by <a href=\"https:\/\/alumnes.eram.cat\/fm\/artactivista\/author\/ariadnaribas\/\" title=\"ariadnaribas\" rel=\"author\">ariadnaribas<\/a>\n        <\/span><span class=\"ebpg-posted-on\">\n            on <time dateTime=\"2024-03-31T23:23:21+00:00\">31 de mar\u00e7 de 2024<\/time>\n        <\/span><\/div><\/div><\/div><\/div><\/article><article class=\"ebpg-carousel-post ebpg-post-carousel-column\" data-id=\"526\"><div class=\"ebpg-carousel-post-holder\"><div class=\"ebpg-entry-media\">\n                <div class=\"ebpg-entry-thumbnail\">\n                    <a class=\"ebpg-post-link-wrapper eb-sr-only\" href=\"https:\/\/alumnes.eram.cat\/fm\/artactivista\/propostes-reveladores-dins-lart-activista\/\">Propostes reveladores dins l&#8217;art activista<\/a>\n                    <img decoding=\"async\" width=\"512\" height=\"341\" src=\"https:\/\/alumnes.eram.cat\/fm\/artactivista\/wp-content\/uploads\/sites\/217\/2024\/03\/unnamed.jpg\" class=\"attachment-full size-full\" alt=\"\" \/>\n                <\/div>\n            <\/div><div class=\"ebpg-entry-wrapper\"><div class=\"ebpg-entry-meta ebpg-header-meta\"><div class=\"ebpg-entry-meta-items\"><div class=\"ebpg-meta ebpg-categories-meta\"><a href=\"https:\/\/alumnes.eram.cat\/fm\/artactivista\/category\/artistes\/\" title=\"Artistes\">Artistes<\/a><a href=\"https:\/\/alumnes.eram.cat\/fm\/artactivista\/category\/feminisme\/\" title=\"Feminisme\">Feminisme<\/a><\/div><\/div><\/div><header class=\"ebpg-entry-header\">\n            <h2 class=\"ebpg-entry-title\">\n                <a class=\"ebpg-carousel-post-link\" href=\"https:\/\/alumnes.eram.cat\/fm\/artactivista\/propostes-reveladores-dins-lart-activista\/\" title=\"Propostes reveladores dins l&#039;art activista\">Propostes reveladores dins l&#8217;art activista<\/a>\n            <\/h2>\n        <\/header><div class=\"ebpg-entry-content\"><div class=\"ebpg-carousel-post-excerpt\">\n            <p>L&#8217;art contemporani s&#8217;ha vist profundament influenciat per l&#8217;avan\u00e7 tecnol\u00f2gic i la digitalitzaci\u00f3 de la societat. Des del segle passat, la&#8230;<\/p>\n        <\/div><\/div><div class=\"ebpg-entry-meta ebpg-footer-meta\"><div class=\"ebpg-author-avatar\">\n            <a href=\"https:\/\/alumnes.eram.cat\/fm\/artactivista\/author\/ariadnaribas\/\">\n                <img decoding=\"async\" alt=\"ariadnaribas\" src=\"https:\/\/secure.gravatar.com\/avatar\/df5e6d9c2865bc275c7612a11b58699c9fd00b9eefdcde65531dd5d915c2e0ed?s=96&amp;d=mm&amp;r=g\" \/>\n            <\/a>\n        <\/div><div class=\"ebpg-entry-meta-items\"><span class=\"ebpg-posted-by\">\n            by <a href=\"https:\/\/alumnes.eram.cat\/fm\/artactivista\/author\/ariadnaribas\/\" title=\"ariadnaribas\" rel=\"author\">ariadnaribas<\/a>\n        <\/span><span class=\"ebpg-posted-on\">\n            on <time dateTime=\"2024-03-31T18:25:41+00:00\">31 de mar\u00e7 de 2024<\/time>\n        <\/span><\/div><\/div><\/div><\/div><\/article><article class=\"ebpg-carousel-post ebpg-post-carousel-column\" data-id=\"527\"><div class=\"ebpg-carousel-post-holder\"><div class=\"ebpg-entry-media\">\n                <div class=\"ebpg-entry-thumbnail\">\n                    <a class=\"ebpg-post-link-wrapper eb-sr-only\" href=\"https:\/\/alumnes.eram.cat\/fm\/artactivista\/steve-cutts-lartista-que-retrata-la-cruelesa-humana\/\">Steve Cutts: L&#8217;artista que retrata la cruelesa humana.<\/a>\n                    <img decoding=\"async\" width=\"126\" height=\"131\" src=\"https:\/\/alumnes.eram.cat\/fm\/artactivista\/wp-content\/uploads\/sites\/217\/2024\/03\/Recurso-2.png\" class=\"attachment-full size-full\" alt=\"\" \/>\n                <\/div>\n            <\/div><div class=\"ebpg-entry-wrapper\"><div class=\"ebpg-entry-meta ebpg-header-meta\"><div class=\"ebpg-entry-meta-items\"><div class=\"ebpg-meta ebpg-categories-meta\"><a href=\"https:\/\/alumnes.eram.cat\/fm\/artactivista\/category\/animacio\/\" title=\"Animaci\u00f3\">Animaci\u00f3<\/a><\/div><\/div><\/div><header class=\"ebpg-entry-header\">\n            <h2 class=\"ebpg-entry-title\">\n                <a class=\"ebpg-carousel-post-link\" href=\"https:\/\/alumnes.eram.cat\/fm\/artactivista\/steve-cutts-lartista-que-retrata-la-cruelesa-humana\/\" title=\"Steve Cutts: L&#039;artista que retrata la cruelesa humana.\">Steve Cutts: L&#8217;artista que retrata la cruelesa humana.<\/a>\n            <\/h2>\n        <\/header><div class=\"ebpg-entry-content\"><div class=\"ebpg-carousel-post-excerpt\">\n            <p>En el m\u00f3n de l&#8217;art contemporani, poques veus ressonen tan fort com la de Steve Cutts. Aquest il\u00b7lustrador i animador&#8230;<\/p>\n        <\/div><\/div><div class=\"ebpg-entry-meta ebpg-footer-meta\"><div class=\"ebpg-author-avatar\">\n            <a href=\"https:\/\/alumnes.eram.cat\/fm\/artactivista\/author\/ariadnaribas\/\">\n                <img decoding=\"async\" alt=\"ariadnaribas\" src=\"https:\/\/secure.gravatar.com\/avatar\/df5e6d9c2865bc275c7612a11b58699c9fd00b9eefdcde65531dd5d915c2e0ed?s=96&amp;d=mm&amp;r=g\" \/>\n            <\/a>\n        <\/div><div class=\"ebpg-entry-meta-items\"><span class=\"ebpg-posted-by\">\n            by <a href=\"https:\/\/alumnes.eram.cat\/fm\/artactivista\/author\/ariadnaribas\/\" title=\"ariadnaribas\" rel=\"author\">ariadnaribas<\/a>\n        <\/span><span class=\"ebpg-posted-on\">\n            on <time dateTime=\"2024-03-30T21:07:22+00:00\">30 de mar\u00e7 de 2024<\/time>\n        <\/span><\/div><\/div><\/div><\/div><\/article><article class=\"ebpg-carousel-post ebpg-post-carousel-column\" data-id=\"509\"><div class=\"ebpg-carousel-post-holder\"><div class=\"ebpg-entry-media\">\n                <div class=\"ebpg-entry-thumbnail\">\n                    <a class=\"ebpg-post-link-wrapper eb-sr-only\" href=\"https:\/\/alumnes.eram.cat\/fm\/artactivista\/joanie-lemercier\/\">Joanie Lemercier: Projeccions de llum i immersi\u00f3 a la natura<\/a>\n                    <img decoding=\"async\" width=\"126\" height=\"131\" src=\"https:\/\/alumnes.eram.cat\/fm\/artactivista\/wp-content\/uploads\/sites\/217\/2024\/03\/Recurso-2.png\" class=\"attachment-full size-full\" alt=\"\" \/>\n                <\/div>\n            <\/div><div class=\"ebpg-entry-wrapper\"><div class=\"ebpg-entry-meta ebpg-header-meta\"><div class=\"ebpg-entry-meta-items\"><div class=\"ebpg-meta ebpg-categories-meta\"><a href=\"https:\/\/alumnes.eram.cat\/fm\/artactivista\/category\/actualitat\/\" title=\"Actualitat\">Actualitat<\/a><a href=\"https:\/\/alumnes.eram.cat\/fm\/artactivista\/category\/art-ecologista\/\" title=\"Art Ecologista\">Art Ecologista<\/a><a href=\"https:\/\/alumnes.eram.cat\/fm\/artactivista\/category\/art-interactiu\/\" title=\"Art interactiu\">Art interactiu<\/a><\/div><\/div><\/div><header class=\"ebpg-entry-header\">\n            <h2 class=\"ebpg-entry-title\">\n                <a class=\"ebpg-carousel-post-link\" href=\"https:\/\/alumnes.eram.cat\/fm\/artactivista\/joanie-lemercier\/\" title=\"Joanie Lemercier: Projeccions de llum i immersi\u00f3 a la natura\">Joanie Lemercier: Projeccions de llum i immersi\u00f3 a la natura<\/a>\n            <\/h2>\n        <\/header><div class=\"ebpg-entry-content\"><div class=\"ebpg-carousel-post-excerpt\">\n            <p>Joanie Lemercier \u00e9s un artista visual contemporani nascut a Fran\u00e7a l&#8217;any 1982. Reconegut pel seu treball pioner en l&#8217;art digital&#8230;<\/p>\n        <\/div><\/div><div class=\"ebpg-entry-meta ebpg-footer-meta\"><div class=\"ebpg-author-avatar\">\n            <a href=\"https:\/\/alumnes.eram.cat\/fm\/artactivista\/author\/ariadnaribas\/\">\n                <img decoding=\"async\" alt=\"ariadnaribas\" src=\"https:\/\/secure.gravatar.com\/avatar\/df5e6d9c2865bc275c7612a11b58699c9fd00b9eefdcde65531dd5d915c2e0ed?s=96&amp;d=mm&amp;r=g\" \/>\n            <\/a>\n        <\/div><div class=\"ebpg-entry-meta-items\"><span class=\"ebpg-posted-by\">\n            by <a href=\"https:\/\/alumnes.eram.cat\/fm\/artactivista\/author\/ariadnaribas\/\" title=\"ariadnaribas\" rel=\"author\">ariadnaribas<\/a>\n        <\/span><span class=\"ebpg-posted-on\">\n            on <time dateTime=\"2024-03-28T12:49:56+00:00\">28 de mar\u00e7 de 2024<\/time>\n        <\/span><\/div><\/div><\/div><\/div><\/article><article class=\"ebpg-carousel-post ebpg-post-carousel-column\" data-id=\"459\"><div class=\"ebpg-carousel-post-holder\"><div class=\"ebpg-entry-media\">\n                <div class=\"ebpg-entry-thumbnail\">\n                    <a class=\"ebpg-post-link-wrapper eb-sr-only\" href=\"https:\/\/alumnes.eram.cat\/fm\/artactivista\/gilberto-esparza-explorant-els-limits-entre-lart-la-tecnologia-i-la-natura\/\">GILBERTO ESPARZA: Explorant els l\u00edmits entre l&#8217;art, la tecnologia i la natura<\/a>\n                    <img loading=\"lazy\" decoding=\"async\" width=\"1024\" height=\"683\" src=\"https:\/\/alumnes.eram.cat\/fm\/artactivista\/wp-content\/uploads\/sites\/217\/2024\/03\/proceso176-1024x683-1.jpg\" class=\"attachment-full size-full\" alt=\"\" \/>\n                <\/div>\n            <\/div><div class=\"ebpg-entry-wrapper\"><div class=\"ebpg-entry-meta ebpg-header-meta\"><div class=\"ebpg-entry-meta-items\"><div class=\"ebpg-meta ebpg-categories-meta\"><a href=\"https:\/\/alumnes.eram.cat\/fm\/artactivista\/category\/art-ecologista\/\" title=\"Art Ecologista\">Art Ecologista<\/a><\/div><\/div><\/div><header class=\"ebpg-entry-header\">\n            <h2 class=\"ebpg-entry-title\">\n                <a class=\"ebpg-carousel-post-link\" href=\"https:\/\/alumnes.eram.cat\/fm\/artactivista\/gilberto-esparza-explorant-els-limits-entre-lart-la-tecnologia-i-la-natura\/\" title=\"GILBERTO ESPARZA: Explorant els l\u00edmits entre l&#039;art, la tecnologia i\">GILBERTO ESPARZA: Explorant els l\u00edmits entre l&#8217;art, la tecnologia i<\/a>\n            <\/h2>\n        <\/header><div class=\"ebpg-entry-content\"><div class=\"ebpg-carousel-post-excerpt\">\n            <p>Gilberto Esparza \u00e9s un artista contemporani mexic\u00e0 el treball del qual se situa en la intersecci\u00f3 de l&#8217;art, la tecnologia&#8230;<\/p>\n        <\/div><\/div><div class=\"ebpg-entry-meta ebpg-footer-meta\"><div class=\"ebpg-author-avatar\">\n            <a href=\"https:\/\/alumnes.eram.cat\/fm\/artactivista\/author\/ariadnaribas\/\">\n                <img decoding=\"async\" alt=\"ariadnaribas\" src=\"https:\/\/secure.gravatar.com\/avatar\/df5e6d9c2865bc275c7612a11b58699c9fd00b9eefdcde65531dd5d915c2e0ed?s=96&amp;d=mm&amp;r=g\" \/>\n            <\/a>\n        <\/div><div class=\"ebpg-entry-meta-items\"><span class=\"ebpg-posted-by\">\n            by <a href=\"https:\/\/alumnes.eram.cat\/fm\/artactivista\/author\/ariadnaribas\/\" title=\"ariadnaribas\" rel=\"author\">ariadnaribas<\/a>\n        <\/span><span class=\"ebpg-posted-on\">\n            on <time dateTime=\"2024-03-19T09:05:33+00:00\">19 de mar\u00e7 de 2024<\/time>\n        <\/span><\/div><\/div><\/div><\/div><\/article><article class=\"ebpg-carousel-post ebpg-post-carousel-column\" data-id=\"433\"><div class=\"ebpg-carousel-post-holder\"><div class=\"ebpg-entry-media\">\n                <div class=\"ebpg-entry-thumbnail\">\n                    <a class=\"ebpg-post-link-wrapper eb-sr-only\" href=\"https:\/\/alumnes.eram.cat\/fm\/artactivista\/explorant-camden-town\/\">Camden Town: Un retrat del moviment d&#8217;Artivisme a Londres<\/a>\n                    <img loading=\"lazy\" decoding=\"async\" width=\"730\" height=\"547\" src=\"https:\/\/alumnes.eram.cat\/fm\/artactivista\/wp-content\/uploads\/sites\/217\/2024\/03\/img-1659_1.jpg\" class=\"attachment-full size-full\" alt=\"\" \/>\n                <\/div>\n            <\/div><div class=\"ebpg-entry-wrapper\"><div class=\"ebpg-entry-meta ebpg-header-meta\"><div class=\"ebpg-entry-meta-items\"><div class=\"ebpg-meta ebpg-categories-meta\"><a href=\"https:\/\/alumnes.eram.cat\/fm\/artactivista\/category\/art-urba\/\" title=\"Art urb\u00e0\">Art urb\u00e0<\/a><\/div><\/div><\/div><header class=\"ebpg-entry-header\">\n            <h2 class=\"ebpg-entry-title\">\n                <a class=\"ebpg-carousel-post-link\" href=\"https:\/\/alumnes.eram.cat\/fm\/artactivista\/explorant-camden-town\/\" title=\"Camden Town: Un retrat del moviment d&#039;Artivisme a Londres\">Camden Town: Un retrat del moviment d&#8217;Artivisme a Londres<\/a>\n            <\/h2>\n        <\/header><div class=\"ebpg-entry-content\"><div class=\"ebpg-carousel-post-excerpt\">\n            <p>Camden Town, un dels barris m\u00e9s estimats de Londres, no nom\u00e9s \u00e9s un epicentre de creativitat i diversitat cultural, sin\u00f3&#8230;<\/p>\n        <\/div><\/div><div class=\"ebpg-entry-meta ebpg-footer-meta\"><div class=\"ebpg-author-avatar\">\n            <a href=\"https:\/\/alumnes.eram.cat\/fm\/artactivista\/author\/ariadnaribas\/\">\n                <img decoding=\"async\" alt=\"ariadnaribas\" src=\"https:\/\/secure.gravatar.com\/avatar\/df5e6d9c2865bc275c7612a11b58699c9fd00b9eefdcde65531dd5d915c2e0ed?s=96&amp;d=mm&amp;r=g\" \/>\n            <\/a>\n        <\/div><div class=\"ebpg-entry-meta-items\"><span class=\"ebpg-posted-by\">\n            by <a href=\"https:\/\/alumnes.eram.cat\/fm\/artactivista\/author\/ariadnaribas\/\" title=\"ariadnaribas\" rel=\"author\">ariadnaribas<\/a>\n        <\/span><span class=\"ebpg-posted-on\">\n            on <time dateTime=\"2024-03-19T08:31:22+00:00\">19 de mar\u00e7 de 2024<\/time>\n        <\/span><\/div><\/div><\/div><\/div><\/article>            <\/div>\n        <\/div>\n    <\/div>\n<\/div>","protected":false},"excerpt":{"rendered":"<p>L\u2019activisme artistic o l\u2019artivisme \u00e9s un tipus d\u2019activisme que utilitza l\u2019art com a medi d&#8217;expressi\u00f3 i de difusi\u00f3, divulgant aix\u00ed uns clars missatges sociopol\u00edtics i de denuncia enfocats al canvi i a la transformaci\u00f3. El concepte activisme art\u00edstic va sorgir de la polititzaci\u00f3 de l&#8217;avantguarda europea d&#8217;entreguerres. Es preferible al d&#8217;\u00abart activista\u00bb perqu\u00e8, en aquest &hellip; <\/p>\n<p class=\"link-more\"><a href=\"https:\/\/alumnes.eram.cat\/fm\/artactivista\/\" class=\"more-link\">Read more<span class=\"screen-reader-text\"> &#8220;ARTIVISME&#8221;<\/span><\/a><\/p>\n","protected":false},"author":144,"featured_media":265,"parent":0,"menu_order":0,"comment_status":"closed","ping_status":"closed","template":"","meta":{"_eb_attr":"","editor_plus_copied_stylings":"{}","footnotes":""},"class_list":["post-330","page","type-page","status-publish","has-post-thumbnail","hentry"],"_links":{"self":[{"href":"https:\/\/alumnes.eram.cat\/fm\/artactivista\/wp-json\/wp\/v2\/pages\/330","targetHints":{"allow":["GET"]}}],"collection":[{"href":"https:\/\/alumnes.eram.cat\/fm\/artactivista\/wp-json\/wp\/v2\/pages"}],"about":[{"href":"https:\/\/alumnes.eram.cat\/fm\/artactivista\/wp-json\/wp\/v2\/types\/page"}],"author":[{"embeddable":true,"href":"https:\/\/alumnes.eram.cat\/fm\/artactivista\/wp-json\/wp\/v2\/users\/144"}],"replies":[{"embeddable":true,"href":"https:\/\/alumnes.eram.cat\/fm\/artactivista\/wp-json\/wp\/v2\/comments?post=330"}],"version-history":[{"count":18,"href":"https:\/\/alumnes.eram.cat\/fm\/artactivista\/wp-json\/wp\/v2\/pages\/330\/revisions"}],"predecessor-version":[{"id":564,"href":"https:\/\/alumnes.eram.cat\/fm\/artactivista\/wp-json\/wp\/v2\/pages\/330\/revisions\/564"}],"wp:featuredmedia":[{"embeddable":true,"href":"https:\/\/alumnes.eram.cat\/fm\/artactivista\/wp-json\/wp\/v2\/media\/265"}],"wp:attachment":[{"href":"https:\/\/alumnes.eram.cat\/fm\/artactivista\/wp-json\/wp\/v2\/media?parent=330"}],"curies":[{"name":"wp","href":"https:\/\/api.w.org\/{rel}","templated":true}]}}