{"id":158,"date":"2024-02-27T08:52:49","date_gmt":"2024-02-27T08:52:49","guid":{"rendered":"https:\/\/alumnes.eram.cat\/fm\/artactivista\/?page_id=158"},"modified":"2024-03-31T19:21:47","modified_gmt":"2024-03-31T19:21:47","slug":"about","status":"publish","type":"page","link":"https:\/\/alumnes.eram.cat\/fm\/artactivista\/about\/","title":{"rendered":"about"},"content":{"rendered":"\t\t<div data-elementor-type=\"wp-page\" data-elementor-id=\"158\" class=\"elementor elementor-158\">\n\t\t\t\t<div class=\"elementor-element elementor-element-3c28db27 e-flex e-con-boxed e-con e-parent\" data-id=\"3c28db27\" data-element_type=\"container\">\n\t\t\t\t\t<div class=\"e-con-inner\">\n\t\t\t\t<div class=\"elementor-element elementor-element-21892713 elementor-widget elementor-widget-text-editor\" data-id=\"21892713\" data-element_type=\"widget\" data-widget_type=\"text-editor.default\">\n\t\t\t\t<div class=\"elementor-widget-container\">\n\t\t\t\t\t\t\t\t\t<p><\/p>\n<div class=\"wp-block-group alignfull has-accent-background-color has-background has-global-padding is-layout-constrained wp-container-core-group-is-layout-669513ed wp-block-group-is-layout-constrained\" style=\"margin-top: 0;margin-bottom: 0;padding: var(--wp--preset--spacing--50)\">\n<p><\/p>\n<div class=\"wp-block-columns alignwide is-layout-flex wp-container-core-columns-is-layout-1da03c2a wp-block-columns-is-layout-flex\">\n<p><\/p>\n<div class=\"wp-block-column is-vertically-aligned-stretch is-layout-flow wp-block-column-is-layout-flow\" style=\"flex-basis: 50%\">\n<p><\/p>\n<div class=\"wp-block-group is-vertical is-content-justification-stretch is-layout-flex wp-container-core-group-is-layout-444d5ee8 wp-block-group-is-layout-flex\" style=\"min-height: 100%\">\n<p><\/p>\n<p class=\"has-heading-font-family has-x-large-font-size\" style=\"line-height: 1.2\">Benvinguts al nostre espai en linea dedicat a l&#8217;artivisme: un lloc on explorem la fusi\u00f3 entre art i activisme. Des dels seus or\u00edgens hist\u00f2rics fins als moviments contemporanis, aqu\u00ed descobrireu com els artistes han utilitzat la seva creativitat per a canviar el m\u00f3n. Explorarem la intersecci\u00f3 de l&#8217;art amb les tecnologies i com l&#8217;art interactiu ens connecta i ens mobilitza. Acompanyeu-nos en aquest viatge per descobrir el poder transformador de l&#8217;artivisme.<\/p>\n<p><\/p>\n<p><\/p>\n<div class=\"wp-block-group has-global-padding is-content-justification-left is-layout-constrained wp-container-core-group-is-layout-9fe8ed88 wp-block-group-is-layout-constrained\">\n<p><\/p>\n<p class=\"wp-container-content-0733e5d0\">ArtAct<\/p>\n<p><\/p>\n<p><\/p>\n<div class=\"wp-block-buttons is-layout-flex wp-block-buttons-is-layout-flex\">\n<p><\/p>\n<div class=\"wp-block-button\"><a class=\"wp-block-button__link wp-element-button\">Equip<\/a><\/div>\n<p><\/p>\n<\/div>\n<p><\/p>\n<\/div>\n<p><\/p>\n<\/div>\n<p><\/p>\n<\/div>\n<p><\/p>\n<p><\/p>\n<div class=\"wp-block-column is-vertically-aligned-center is-layout-flow wp-block-column-is-layout-flow\" style=\"flex-basis: 50%\">\n<p><\/p>\n<figure class=\"wp-block-image size-large\"><img fetchpriority=\"high\" decoding=\"async\" width=\"768\" height=\"1024\" class=\"wp-image-188 alignnone\" src=\"https:\/\/alumnes.eram.cat\/fm\/artactivista\/wp-content\/uploads\/sites\/217\/2024\/03\/alcy-filho-OXXLn_-giZc-unsplash-2-768x1024.jpg\" alt=\"\" srcset=\"https:\/\/alumnes.eram.cat\/fm\/artactivista\/wp-content\/uploads\/sites\/217\/2024\/03\/alcy-filho-OXXLn_-giZc-unsplash-2-768x1024.jpg 768w, https:\/\/alumnes.eram.cat\/fm\/artactivista\/wp-content\/uploads\/sites\/217\/2024\/03\/alcy-filho-OXXLn_-giZc-unsplash-2-225x300.jpg 225w, https:\/\/alumnes.eram.cat\/fm\/artactivista\/wp-content\/uploads\/sites\/217\/2024\/03\/alcy-filho-OXXLn_-giZc-unsplash-2-1152x1536.jpg 1152w, https:\/\/alumnes.eram.cat\/fm\/artactivista\/wp-content\/uploads\/sites\/217\/2024\/03\/alcy-filho-OXXLn_-giZc-unsplash-2-1536x2048.jpg 1536w, https:\/\/alumnes.eram.cat\/fm\/artactivista\/wp-content\/uploads\/sites\/217\/2024\/03\/alcy-filho-OXXLn_-giZc-unsplash-2-scaled.jpg 1920w\" sizes=\"(max-width: 768px) 100vw, 768px\" \/><\/figure>\n<p><\/p>\n<\/div>\n<p><\/p>\n<\/div>\n<p><\/p>\n<\/div>\n<p><\/p>\n<p><\/p>\n<div class=\"wp-block-column is-layout-flow wp-container-core-column-is-layout-119bc444 wp-block-column-is-layout-flow\" style=\"flex-basis: 60%\">\n<p><\/p>\n<div class=\"wp-block-columns\">\n<div class=\"wp-block-column\">&nbsp;<\/div>\n<\/div>\n<\/div>\n<div class=\"wp-block-group alignfull has-base-background-color has-background\" style=\"margin-top: 0;margin-bottom: 0;padding: var(--wp--preset--spacing--50)\">\n<div class=\"wp-block-columns alignwide\">\n<div class=\"wp-block-column\" style=\"flex-basis: 40%\">\n<p>La interacci\u00f3 amb l&#8217;art no tan sols es basa en l&#8217;entreteniment, tambe pot enrquir les nostres vides, donantes veu a movimients socials.<\/p>\n<p><\/p>\n<\/div>\n<p><\/p>\n<p><\/p>\n<div class=\"wp-block-columns is-layout-flex wp-container-core-columns-is-layout-87beb0d0 wp-block-columns-is-layout-flex\">\n<p><\/p>\n<div class=\"wp-block-column is-layout-flow wp-block-column-is-layout-flow\">\n<p><\/p>\n<p class=\"wp-container-content-9cfa9a5a\">Combinant la creativitat i la consci\u00e8ncia social, busquem fomentar la reflexi\u00f3 i l&#8217;inter\u00e8s en all\u00f2 que realment importa, aquells moviments que ens acompanyen dia rere dia i afecten el nostre entorn. Cada element interactiu \u00e9s una finestra cap a noves possibilitats, on els visitants poden connectar amb els temes, moviments i experi\u00e8ncies que ArtAct vol mostrar.<\/p><\/div><\/div><\/div><\/div><\/div>\n<p><\/p>\n<p><\/p><\/p>\n<p><\/p>\n<div class=\"wp-block-column is-layout-flow wp-container-core-column-is-layout-119bc444 wp-block-column-is-layout-flow\" style=\"flex-basis: 60%\">\n<p><\/p>\n<p class=\"has-heading-font-family has-x-large-font-size\" style=\"line-height: 1.2\">Observa, interactua, connecta: Explora el m\u00f3n a trav\u00e9s de l&#8217;artivisme.<\/p>\n<p><\/p>\n<p><\/p>\n<div class=\"wp-block-columns is-layout-flex wp-container-core-columns-is-layout-87beb0d0 wp-block-columns-is-layout-flex\">\n<p><\/p>\n<div class=\"wp-block-column is-layout-flow wp-block-column-is-layout-flow\">\n<p><\/p>\n<p class=\"wp-container-content-9cfa9a5a\">Combinant la creativitat i la consci\u00e8ncia social, busquem fomentar la reflexi\u00f3 i l&#8217;inter\u00e8s en all\u00f2 que realment importa, aquells moviments que ens acompanyen dia rere dia i afecten el nostre entorn. Cada element interactiu \u00e9s una finestra cap a noves possibilitats, on els visitants poden connectar amb els temes, moviments i experi\u00e8ncies que ArtAct vol mostrar.<\/p><\/div><\/div><\/div><\/div><\/div>\n<p><\/p>\n<p><\/p>\t\t\t\t\t\t\t\t<\/div>\n\t\t\t\t<\/div>\n\t\t\t\t\t<\/div>\n\t\t\t\t<\/div>\n\t\t\t\t<\/div>\n\t\t","protected":false},"excerpt":{"rendered":"<p>Benvinguts al nostre espai en linea dedicat a l&#8217;artivisme: un lloc on explorem la fusi\u00f3 entre art i activisme. Des dels seus or\u00edgens hist\u00f2rics fins als moviments contemporanis, aqu\u00ed descobrireu com els artistes han utilitzat la seva creativitat per a canviar el m\u00f3n. Explorarem la intersecci\u00f3 de l&#8217;art amb les tecnologies i com l&#8217;art interactiu &hellip; <\/p>\n<p class=\"link-more\"><a href=\"https:\/\/alumnes.eram.cat\/fm\/artactivista\/about\/\" class=\"more-link\">Read more<span class=\"screen-reader-text\"> &#8220;about&#8221;<\/span><\/a><\/p>\n","protected":false},"author":144,"featured_media":0,"parent":0,"menu_order":0,"comment_status":"closed","ping_status":"closed","template":"","meta":{"_eb_attr":"","editor_plus_copied_stylings":"{}","footnotes":""},"class_list":["post-158","page","type-page","status-publish","hentry"],"_links":{"self":[{"href":"https:\/\/alumnes.eram.cat\/fm\/artactivista\/wp-json\/wp\/v2\/pages\/158","targetHints":{"allow":["GET"]}}],"collection":[{"href":"https:\/\/alumnes.eram.cat\/fm\/artactivista\/wp-json\/wp\/v2\/pages"}],"about":[{"href":"https:\/\/alumnes.eram.cat\/fm\/artactivista\/wp-json\/wp\/v2\/types\/page"}],"author":[{"embeddable":true,"href":"https:\/\/alumnes.eram.cat\/fm\/artactivista\/wp-json\/wp\/v2\/users\/144"}],"replies":[{"embeddable":true,"href":"https:\/\/alumnes.eram.cat\/fm\/artactivista\/wp-json\/wp\/v2\/comments?post=158"}],"version-history":[{"count":20,"href":"https:\/\/alumnes.eram.cat\/fm\/artactivista\/wp-json\/wp\/v2\/pages\/158\/revisions"}],"predecessor-version":[{"id":595,"href":"https:\/\/alumnes.eram.cat\/fm\/artactivista\/wp-json\/wp\/v2\/pages\/158\/revisions\/595"}],"wp:attachment":[{"href":"https:\/\/alumnes.eram.cat\/fm\/artactivista\/wp-json\/wp\/v2\/media?parent=158"}],"curies":[{"name":"wp","href":"https:\/\/api.w.org\/{rel}","templated":true}]}}