{"id":146,"date":"2024-02-27T08:39:00","date_gmt":"2024-02-27T08:39:00","guid":{"rendered":"https:\/\/alumnes.eram.cat\/fm\/artactivista\/?page_id=146"},"modified":"2024-04-23T00:30:40","modified_gmt":"2024-04-23T00:30:40","slug":"posts","status":"publish","type":"page","link":"https:\/\/alumnes.eram.cat\/fm\/artactivista\/posts\/","title":{"rendered":"posts"},"content":{"rendered":"\n<p><\/p>\n\n\n\n<div class=\"wp-block-query alignwide is-layout-flow wp-block-query-is-layout-flow\">\n\n\n<div class=\"wp-block-group is-layout-flow wp-block-group-is-layout-flow\" style=\"margin-top:0;margin-bottom:0;padding-top:var(--wp--preset--spacing--50);padding-right:0;padding-bottom:var(--wp--preset--spacing--50);padding-left:0\"><ul class=\"columns-3 alignfull wp-block-post-template is-layout-grid wp-container-core-post-template-is-layout-2d080239 wp-block-post-template-is-layout-grid\"><li class=\"wp-block-post post-649 post type-post status-publish format-standard has-post-thumbnail hentry category-actualitat category-art-interactiu tag-art tag-art-generatiu tag-art-interactiu tag-artistes tag-digitalitzacio tag-fluid-forms tag-innovacio-artistica tag-medis-dexpressio tag-mon-digital tag-quayola\">\n<figure style=\"aspect-ratio:3\/4; padding-bottom:var(--wp--preset--spacing--20);margin-bottom:0;\" class=\"wp-block-post-featured-image\"><a href=\"https:\/\/alumnes.eram.cat\/fm\/artactivista\/lart-generatiu\/\" target=\"_self\"  ><img fetchpriority=\"high\" decoding=\"async\" width=\"1764\" height=\"1170\" src=\"https:\/\/alumnes.eram.cat\/fm\/artactivista\/wp-content\/uploads\/sites\/217\/2024\/03\/Captura-de-Pantalla-2024-04-01-a-las-1.19.45.png\" class=\"attachment-post-thumbnail size-post-thumbnail wp-post-image\" alt=\"L&#8217;art generatiu\" style=\"width:100%;height:100%;object-fit:cover;\" srcset=\"https:\/\/alumnes.eram.cat\/fm\/artactivista\/wp-content\/uploads\/sites\/217\/2024\/03\/Captura-de-Pantalla-2024-04-01-a-las-1.19.45.png 1764w, https:\/\/alumnes.eram.cat\/fm\/artactivista\/wp-content\/uploads\/sites\/217\/2024\/03\/Captura-de-Pantalla-2024-04-01-a-las-1.19.45-300x199.png 300w, https:\/\/alumnes.eram.cat\/fm\/artactivista\/wp-content\/uploads\/sites\/217\/2024\/03\/Captura-de-Pantalla-2024-04-01-a-las-1.19.45-1024x679.png 1024w\" sizes=\"100vw\" \/><\/a><\/figure>\n\n\n<div class=\"wp-block-group is-vertical is-nowrap is-layout-flex wp-container-core-group-is-layout-97ba36a5 wp-block-group-is-layout-flex\" style=\"margin-top:var(--wp--preset--spacing--20);padding-top:0\"><h2 class=\"wp-block-post-title has-large-font-size wp-container-content-32e3a40d\"><a href=\"https:\/\/alumnes.eram.cat\/fm\/artactivista\/lart-generatiu\/\" target=\"_self\" >L&#8217;art generatiu<\/a><\/h2>\n\n\n\n<div class=\"wp-block-post-excerpt has-text-color has-contrast-2-color has-small-font-size wp-container-content-32e3a40d\"><p class=\"wp-block-post-excerpt__excerpt\">Amb l&#8217;aparici\u00f3 de les noves tecnologies digitals de la d\u00e8cada dels dos mil tamb\u00e9 han sortit noves t\u00e8cniques d&#8217;expressi\u00f3 art\u00edstica que busquen la interacci\u00f3 entre obra i espectador. L&#8217;art generatiu \u00e9s una d&#8217;aquestes formes d&#8217;expressi\u00f3 art\u00edstica que utilitza algoritmes inform\u00e0tics i sistemes d&#8217;automatitzaci\u00f3 per crear obres d&#8217;art que canvien, evolucionen o es generen autom\u00e0ticament segons&hellip; <\/p><\/div>\n\n\n<div style=\"height:0px\" aria-hidden=\"true\" class=\"wp-block-spacer wp-container-content-32e3a40d\"><\/div>\n<\/div>\n\n<\/li><li class=\"wp-block-post post-526 post type-post status-publish format-standard has-post-thumbnail hentry category-artistes category-feminisme tag-activisme tag-art tag-art-activista tag-artistes tag-historia tag-medis-dexpressio tag-mon-digital tag-obres-destacades\">\n<figure style=\"aspect-ratio:3\/4; padding-bottom:var(--wp--preset--spacing--20);margin-bottom:0;\" class=\"wp-block-post-featured-image\"><a href=\"https:\/\/alumnes.eram.cat\/fm\/artactivista\/propostes-reveladores-dins-lart-activista\/\" target=\"_self\"  ><img decoding=\"async\" width=\"512\" height=\"341\" src=\"https:\/\/alumnes.eram.cat\/fm\/artactivista\/wp-content\/uploads\/sites\/217\/2024\/03\/unnamed.jpg\" class=\"attachment-post-thumbnail size-post-thumbnail wp-post-image\" alt=\"Propostes reveladores dins l&#8217;art activista\" style=\"width:100%;height:100%;object-fit:cover;\" srcset=\"https:\/\/alumnes.eram.cat\/fm\/artactivista\/wp-content\/uploads\/sites\/217\/2024\/03\/unnamed.jpg 512w, https:\/\/alumnes.eram.cat\/fm\/artactivista\/wp-content\/uploads\/sites\/217\/2024\/03\/unnamed-300x200.jpg 300w\" sizes=\"100vw\" \/><\/a><\/figure>\n\n\n<div class=\"wp-block-group is-vertical is-nowrap is-layout-flex wp-container-core-group-is-layout-97ba36a5 wp-block-group-is-layout-flex\" style=\"margin-top:var(--wp--preset--spacing--20);padding-top:0\"><h2 class=\"wp-block-post-title has-large-font-size wp-container-content-32e3a40d\"><a href=\"https:\/\/alumnes.eram.cat\/fm\/artactivista\/propostes-reveladores-dins-lart-activista\/\" target=\"_self\" >Propostes reveladores dins l&#8217;art activista<\/a><\/h2>\n\n\n\n<div class=\"wp-block-post-excerpt has-text-color has-contrast-2-color has-small-font-size wp-container-content-32e3a40d\"><p class=\"wp-block-post-excerpt__excerpt\">L&#8217;art contemporani s&#8217;ha vist profundament influenciat per l&#8217;avan\u00e7 tecnol\u00f2gic i la digitalitzaci\u00f3 de la societat. Des del segle passat, la incorporaci\u00f3 d&#8217;eines com la fotografia, el v\u00eddeo, el cinema i la inform\u00e0tica ha perm\u00e8s als artistes explorar noves formes d&#8217;expressi\u00f3 creativa i abordar una \u00e0mplia gamma de temes. No obstant aix\u00f2, aquesta transformaci\u00f3 digital tamb\u00e9&hellip; <\/p><\/div>\n\n\n<div style=\"height:0px\" aria-hidden=\"true\" class=\"wp-block-spacer wp-container-content-32e3a40d\"><\/div>\n<\/div>\n\n<\/li><li class=\"wp-block-post post-527 post type-post status-publish format-standard has-post-thumbnail hentry category-animacio tag-activisme tag-art tag-artistes tag-consumisme tag-cruelesa-humana tag-digitalitzacio tag-ilustracio tag-medi-ambient tag-medis-dexpressio tag-polemica tag-steve-cutts\">\n<figure style=\"aspect-ratio:3\/4; padding-bottom:var(--wp--preset--spacing--20);margin-bottom:0;\" class=\"wp-block-post-featured-image\"><a href=\"https:\/\/alumnes.eram.cat\/fm\/artactivista\/steve-cutts-lartista-que-retrata-la-cruelesa-humana\/\" target=\"_self\"  ><img decoding=\"async\" width=\"126\" height=\"131\" src=\"https:\/\/alumnes.eram.cat\/fm\/artactivista\/wp-content\/uploads\/sites\/217\/2024\/03\/Recurso-2.png\" class=\"attachment-post-thumbnail size-post-thumbnail wp-post-image\" alt=\"Steve Cutts: L&#8217;artista que retrata la cruelesa humana.\" style=\"width:100%;height:100%;object-fit:cover;\" sizes=\"100vw\" \/><\/a><\/figure>\n\n\n<div class=\"wp-block-group is-vertical is-nowrap is-layout-flex wp-container-core-group-is-layout-97ba36a5 wp-block-group-is-layout-flex\" style=\"margin-top:var(--wp--preset--spacing--20);padding-top:0\"><h2 class=\"wp-block-post-title has-large-font-size wp-container-content-32e3a40d\"><a href=\"https:\/\/alumnes.eram.cat\/fm\/artactivista\/steve-cutts-lartista-que-retrata-la-cruelesa-humana\/\" target=\"_self\" >Steve Cutts: L&#8217;artista que retrata la cruelesa humana.<\/a><\/h2>\n\n\n\n<div class=\"wp-block-post-excerpt has-text-color has-contrast-2-color has-small-font-size wp-container-content-32e3a40d\"><p class=\"wp-block-post-excerpt__excerpt\">En el m\u00f3n de l&#8217;art contemporani, poques veus ressonen tan fort com la de Steve Cutts. Aquest il\u00b7lustrador i animador brit\u00e0nic s&#8217;ha guanyat una reputaci\u00f3 per les seves animacions que aborden temes complexos com el consumisme, la degradaci\u00f3 del medi ambient i la cruelesa humana. En aquest post, explorarem m\u00e9s sobre la vida i l&#8217;obra&hellip; <\/p><\/div>\n\n\n<div style=\"height:0px\" aria-hidden=\"true\" class=\"wp-block-spacer wp-container-content-32e3a40d\"><\/div>\n<\/div>\n\n<\/li><li class=\"wp-block-post post-509 post type-post status-publish format-standard has-post-thumbnail hentry category-actualitat category-art-ecologista category-art-interactiu tag-activisme-digital tag-art-amb-algoritmes tag-art-digital tag-art-immersiu tag-art-interactiu tag-art-medioambiental tag-instalacions-artistiques tag-natura tag-paisatges-interactius tag-video-maping\">\n<figure style=\"aspect-ratio:3\/4; padding-bottom:var(--wp--preset--spacing--20);margin-bottom:0;\" class=\"wp-block-post-featured-image\"><a href=\"https:\/\/alumnes.eram.cat\/fm\/artactivista\/joanie-lemercier\/\" target=\"_self\"  ><img loading=\"lazy\" decoding=\"async\" width=\"126\" height=\"131\" src=\"https:\/\/alumnes.eram.cat\/fm\/artactivista\/wp-content\/uploads\/sites\/217\/2024\/03\/Recurso-2.png\" class=\"attachment-post-thumbnail size-post-thumbnail wp-post-image\" alt=\"Joanie Lemercier: Projeccions de llum i immersi\u00f3 a la natura\" style=\"width:100%;height:100%;object-fit:cover;\" sizes=\"100vw\" \/><\/a><\/figure>\n\n\n<div class=\"wp-block-group is-vertical is-nowrap is-layout-flex wp-container-core-group-is-layout-97ba36a5 wp-block-group-is-layout-flex\" style=\"margin-top:var(--wp--preset--spacing--20);padding-top:0\"><h2 class=\"wp-block-post-title has-large-font-size wp-container-content-32e3a40d\"><a href=\"https:\/\/alumnes.eram.cat\/fm\/artactivista\/joanie-lemercier\/\" target=\"_self\" >Joanie Lemercier: Projeccions de llum i immersi\u00f3 a la natura<\/a><\/h2>\n\n\n\n<div class=\"wp-block-post-excerpt has-text-color has-contrast-2-color has-small-font-size wp-container-content-32e3a40d\"><p class=\"wp-block-post-excerpt__excerpt\">Joanie Lemercier \u00e9s un artista visual contemporani nascut a Fran\u00e7a l&#8217;any 1982. Reconegut pel seu treball pioner en l&#8217;art digital i la projecci\u00f3 de llum, Lemercier ha deixat una marca distintiva al m\u00f3n de l&#8217;art amb el seu enfocament innovador i la seva habilitat per fusionar tecnologia i creativitat. Des d&#8217;una edat primerenca, Lemercier va&hellip; <\/p><\/div>\n\n\n<div style=\"height:0px\" aria-hidden=\"true\" class=\"wp-block-spacer wp-container-content-32e3a40d\"><\/div>\n<\/div>\n\n<\/li><li class=\"wp-block-post post-459 post type-post status-publish format-standard has-post-thumbnail hentry category-art-ecologista tag-aigua tag-art-ecologista tag-art-i-natura tag-ciencia tag-crisi-climatica tag-espais-naturals tag-medi-ambient tag-natura tag-plantas-nomades tag-robotica tag-tecnologia-i-activisme\">\n<figure style=\"aspect-ratio:3\/4; padding-bottom:var(--wp--preset--spacing--20);margin-bottom:0;\" class=\"wp-block-post-featured-image\"><a href=\"https:\/\/alumnes.eram.cat\/fm\/artactivista\/gilberto-esparza-explorant-els-limits-entre-lart-la-tecnologia-i-la-natura\/\" target=\"_self\"  ><img loading=\"lazy\" decoding=\"async\" width=\"1024\" height=\"683\" src=\"https:\/\/alumnes.eram.cat\/fm\/artactivista\/wp-content\/uploads\/sites\/217\/2024\/03\/proceso176-1024x683-1.jpg\" class=\"attachment-post-thumbnail size-post-thumbnail wp-post-image\" alt=\"GILBERTO ESPARZA: Explorant els l\u00edmits entre l&#8217;art, la tecnologia i la natura\" style=\"width:100%;height:100%;object-fit:cover;\" srcset=\"https:\/\/alumnes.eram.cat\/fm\/artactivista\/wp-content\/uploads\/sites\/217\/2024\/03\/proceso176-1024x683-1.jpg 1024w, https:\/\/alumnes.eram.cat\/fm\/artactivista\/wp-content\/uploads\/sites\/217\/2024\/03\/proceso176-1024x683-1-300x200.jpg 300w\" sizes=\"100vw\" \/><\/a><\/figure>\n\n\n<div class=\"wp-block-group is-vertical is-nowrap is-layout-flex wp-container-core-group-is-layout-97ba36a5 wp-block-group-is-layout-flex\" style=\"margin-top:var(--wp--preset--spacing--20);padding-top:0\"><h2 class=\"wp-block-post-title has-large-font-size wp-container-content-32e3a40d\"><a href=\"https:\/\/alumnes.eram.cat\/fm\/artactivista\/gilberto-esparza-explorant-els-limits-entre-lart-la-tecnologia-i-la-natura\/\" target=\"_self\" >GILBERTO ESPARZA: Explorant els l\u00edmits entre l&#8217;art, la tecnologia i la natura<\/a><\/h2>\n\n\n\n<div class=\"wp-block-post-excerpt has-text-color has-contrast-2-color has-small-font-size wp-container-content-32e3a40d\"><p class=\"wp-block-post-excerpt__excerpt\">Gilberto Esparza \u00e9s un artista contemporani mexic\u00e0 el treball del qual se situa en la intersecci\u00f3 de l&#8217;art, la tecnologia i el medi ambient. Reconegut per les seves innovadores instal\u00b7lacions i projectes que desafien les nocions convencionals de l&#8217;art, Esparza ha guanyat promin\u00e8ncia internacional per la seva capacitat per crear obres que provoquen reflexions profundes&hellip; <\/p><\/div>\n\n\n<div style=\"height:0px\" aria-hidden=\"true\" class=\"wp-block-spacer wp-container-content-32e3a40d\"><\/div>\n<\/div>\n\n<\/li><li class=\"wp-block-post post-433 post type-post status-publish format-standard has-post-thumbnail hentry category-art-urba tag-activisme tag-art tag-art-activista tag-artistes tag-ciutat tag-medis-dexpressio\">\n<figure style=\"aspect-ratio:3\/4; padding-bottom:var(--wp--preset--spacing--20);margin-bottom:0;\" class=\"wp-block-post-featured-image\"><a href=\"https:\/\/alumnes.eram.cat\/fm\/artactivista\/explorant-camden-town\/\" target=\"_self\"  ><img loading=\"lazy\" decoding=\"async\" width=\"730\" height=\"547\" src=\"https:\/\/alumnes.eram.cat\/fm\/artactivista\/wp-content\/uploads\/sites\/217\/2024\/03\/img-1659_1.jpg\" class=\"attachment-post-thumbnail size-post-thumbnail wp-post-image\" alt=\"Camden Town: Un retrat del moviment d&#8217;Artivisme a Londres\" style=\"width:100%;height:100%;object-fit:cover;\" srcset=\"https:\/\/alumnes.eram.cat\/fm\/artactivista\/wp-content\/uploads\/sites\/217\/2024\/03\/img-1659_1.jpg 730w, https:\/\/alumnes.eram.cat\/fm\/artactivista\/wp-content\/uploads\/sites\/217\/2024\/03\/img-1659_1-300x225.jpg 300w\" sizes=\"100vw\" \/><\/a><\/figure>\n\n\n<div class=\"wp-block-group is-vertical is-nowrap is-layout-flex wp-container-core-group-is-layout-97ba36a5 wp-block-group-is-layout-flex\" style=\"margin-top:var(--wp--preset--spacing--20);padding-top:0\"><h2 class=\"wp-block-post-title has-large-font-size wp-container-content-32e3a40d\"><a href=\"https:\/\/alumnes.eram.cat\/fm\/artactivista\/explorant-camden-town\/\" target=\"_self\" >Camden Town: Un retrat del moviment d&#8217;Artivisme a Londres<\/a><\/h2>\n\n\n\n<div class=\"wp-block-post-excerpt has-text-color has-contrast-2-color has-small-font-size wp-container-content-32e3a40d\"><p class=\"wp-block-post-excerpt__excerpt\">Camden Town, un dels barris m\u00e9s estimats de Londres, no nom\u00e9s \u00e9s un epicentre de creativitat i diversitat cultural, sin\u00f3 que tamb\u00e9 ha estat un caldo de cultiu per a l&#8217;art i l&#8217;activisme. En les seves vibrants carrers i mercats, la converg\u00e8ncia d&#8217;artistes, m\u00fasics, activistes i amants de la cultura alternativa ha creat un ambient&hellip; <\/p><\/div>\n\n\n<div style=\"height:0px\" aria-hidden=\"true\" class=\"wp-block-spacer wp-container-content-32e3a40d\"><\/div>\n<\/div>\n\n<\/li><li class=\"wp-block-post post-423 post type-post status-publish format-standard has-post-thumbnail hentry category-feminisme tag-activisme tag-art tag-art-contemporani tag-art-femeni tag-dones-pioneres tag-feminisme tag-instalacions-artistiques tag-judy-chicago tag-pioneres tag-the-dinner-party\">\n<figure style=\"aspect-ratio:3\/4; padding-bottom:var(--wp--preset--spacing--20);margin-bottom:0;\" class=\"wp-block-post-featured-image\"><a href=\"https:\/\/alumnes.eram.cat\/fm\/artactivista\/judy-chicago-pionera-en-lart-feminista\/\" target=\"_self\"  ><img loading=\"lazy\" decoding=\"async\" width=\"1500\" height=\"1004\" src=\"https:\/\/alumnes.eram.cat\/fm\/artactivista\/wp-content\/uploads\/sites\/217\/2024\/03\/9e90caec30ae062531527397e35aa20b-585c18953df78ce2c352531a.jpg\" class=\"attachment-post-thumbnail size-post-thumbnail wp-post-image\" alt=\"JUDY CHICAGO: PIONERA EN L&#8217;ART FEMINISTA\" style=\"width:100%;height:100%;object-fit:cover;\" srcset=\"https:\/\/alumnes.eram.cat\/fm\/artactivista\/wp-content\/uploads\/sites\/217\/2024\/03\/9e90caec30ae062531527397e35aa20b-585c18953df78ce2c352531a.jpg 1500w, https:\/\/alumnes.eram.cat\/fm\/artactivista\/wp-content\/uploads\/sites\/217\/2024\/03\/9e90caec30ae062531527397e35aa20b-585c18953df78ce2c352531a-300x201.jpg 300w, https:\/\/alumnes.eram.cat\/fm\/artactivista\/wp-content\/uploads\/sites\/217\/2024\/03\/9e90caec30ae062531527397e35aa20b-585c18953df78ce2c352531a-1024x685.jpg 1024w\" sizes=\"100vw\" \/><\/a><\/figure>\n\n\n<div class=\"wp-block-group is-vertical is-nowrap is-layout-flex wp-container-core-group-is-layout-97ba36a5 wp-block-group-is-layout-flex\" style=\"margin-top:var(--wp--preset--spacing--20);padding-top:0\"><h2 class=\"wp-block-post-title has-large-font-size wp-container-content-32e3a40d\"><a href=\"https:\/\/alumnes.eram.cat\/fm\/artactivista\/judy-chicago-pionera-en-lart-feminista\/\" target=\"_self\" >JUDY CHICAGO: PIONERA EN L&#8217;ART FEMINISTA<\/a><\/h2>\n\n\n\n<div class=\"wp-block-post-excerpt has-text-color has-contrast-2-color has-small-font-size wp-container-content-32e3a40d\"><p class=\"wp-block-post-excerpt__excerpt\">Judy Chicago, nascuda com Judith Sylvia Cohen el 20 de juliol de 1939 a Chicago, Illinois, \u00e9s una destacada artista, autora i educadora nord-americana l&#8217;obra de la qual ha desafiat convencions i ha estat fonamental per al moviment feminista de l&#8217;art al segle XX. Aquesta va decidit cambiar el seu nom original, Judy Cohen, per&hellip; <\/p><\/div>\n\n\n<div style=\"height:0px\" aria-hidden=\"true\" class=\"wp-block-spacer wp-container-content-32e3a40d\"><\/div>\n<\/div>\n\n<\/li><li class=\"wp-block-post post-401 post type-post status-publish format-standard has-post-thumbnail hentry category-actualitat tag-art tag-historia tag-mon-digital\">\n<figure style=\"aspect-ratio:3\/4; padding-bottom:var(--wp--preset--spacing--20);margin-bottom:0;\" class=\"wp-block-post-featured-image\"><a href=\"https:\/\/alumnes.eram.cat\/fm\/artactivista\/els-museus-en-lactualitat\/\" target=\"_self\"  ><img loading=\"lazy\" decoding=\"async\" width=\"818\" height=\"1130\" src=\"https:\/\/alumnes.eram.cat\/fm\/artactivista\/wp-content\/uploads\/sites\/217\/2024\/03\/Captura-de-Pantalla-2024-03-19-a-las-9.17.34.png\" class=\"attachment-post-thumbnail size-post-thumbnail wp-post-image\" alt=\"Els museus en l\u2019actualitat\" style=\"width:100%;height:100%;object-fit:cover;\" srcset=\"https:\/\/alumnes.eram.cat\/fm\/artactivista\/wp-content\/uploads\/sites\/217\/2024\/03\/Captura-de-Pantalla-2024-03-19-a-las-9.17.34.png 818w, https:\/\/alumnes.eram.cat\/fm\/artactivista\/wp-content\/uploads\/sites\/217\/2024\/03\/Captura-de-Pantalla-2024-03-19-a-las-9.17.34-217x300.png 217w, https:\/\/alumnes.eram.cat\/fm\/artactivista\/wp-content\/uploads\/sites\/217\/2024\/03\/Captura-de-Pantalla-2024-03-19-a-las-9.17.34-741x1024.png 741w\" sizes=\"100vw\" \/><\/a><\/figure>\n\n\n<div class=\"wp-block-group is-vertical is-nowrap is-layout-flex wp-container-core-group-is-layout-97ba36a5 wp-block-group-is-layout-flex\" style=\"margin-top:var(--wp--preset--spacing--20);padding-top:0\"><h2 class=\"wp-block-post-title has-large-font-size wp-container-content-32e3a40d\"><a href=\"https:\/\/alumnes.eram.cat\/fm\/artactivista\/els-museus-en-lactualitat\/\" target=\"_self\" >Els museus en l\u2019actualitat<\/a><\/h2>\n\n\n\n<div class=\"wp-block-post-excerpt has-text-color has-contrast-2-color has-small-font-size wp-container-content-32e3a40d\"><p class=\"wp-block-post-excerpt__excerpt\">Es indiscutible no pensar que els museus han canviat de manera abismal des de l\u2019aparici\u00f3 de las tecnolog\u00edas. Des de l\u2019aparici\u00f3 del tel\u00e8fon, m\u00f2bil i internet la percepci\u00f3 de l\u2019espectador davant les obres d\u2019art s\u2019ha transformat passant d\u2019una experi\u00e8ncia insitus a una experiencia que es transporta tamb\u00e9 a les llars.Amb l\u2019aparici\u00f3 de la realitat virtual&hellip; <\/p><\/div>\n\n\n<div style=\"height:0px\" aria-hidden=\"true\" class=\"wp-block-spacer wp-container-content-32e3a40d\"><\/div>\n<\/div>\n\n<\/li><li class=\"wp-block-post post-396 post type-post status-publish format-standard has-post-thumbnail hentry category-actualitat category-veganisme tag-activisme tag-art tag-art-activista tag-artistes tag-medis-dexpressio\">\n<figure style=\"aspect-ratio:3\/4; padding-bottom:var(--wp--preset--spacing--20);margin-bottom:0;\" class=\"wp-block-post-featured-image\"><a href=\"https:\/\/alumnes.eram.cat\/fm\/artactivista\/the-wild-rocks\/\" target=\"_self\"  ><img loading=\"lazy\" decoding=\"async\" width=\"1054\" height=\"1374\" src=\"https:\/\/alumnes.eram.cat\/fm\/artactivista\/wp-content\/uploads\/sites\/217\/2024\/03\/Captura-de-Pantalla-2024-03-19-a-las-8.25.20-1.png\" class=\"attachment-post-thumbnail size-post-thumbnail wp-post-image\" alt=\"The Wild Rocks\" style=\"width:100%;height:100%;object-fit:cover;\" srcset=\"https:\/\/alumnes.eram.cat\/fm\/artactivista\/wp-content\/uploads\/sites\/217\/2024\/03\/Captura-de-Pantalla-2024-03-19-a-las-8.25.20-1.png 1054w, https:\/\/alumnes.eram.cat\/fm\/artactivista\/wp-content\/uploads\/sites\/217\/2024\/03\/Captura-de-Pantalla-2024-03-19-a-las-8.25.20-1-230x300.png 230w, https:\/\/alumnes.eram.cat\/fm\/artactivista\/wp-content\/uploads\/sites\/217\/2024\/03\/Captura-de-Pantalla-2024-03-19-a-las-8.25.20-1-786x1024.png 786w\" sizes=\"100vw\" \/><\/a><\/figure>\n\n\n<div class=\"wp-block-group is-vertical is-nowrap is-layout-flex wp-container-core-group-is-layout-97ba36a5 wp-block-group-is-layout-flex\" style=\"margin-top:var(--wp--preset--spacing--20);padding-top:0\"><h2 class=\"wp-block-post-title has-large-font-size wp-container-content-32e3a40d\"><a href=\"https:\/\/alumnes.eram.cat\/fm\/artactivista\/the-wild-rocks\/\" target=\"_self\" >The Wild Rocks<\/a><\/h2>\n\n\n\n<div class=\"wp-block-post-excerpt has-text-color has-contrast-2-color has-small-font-size wp-container-content-32e3a40d\"><p class=\"wp-block-post-excerpt__excerpt\">The Wild Rocks \u00e9s un projecte art\u00edstic creat per Pilar Roca, qui troba un atractiu especial en la naturalesa i els animals, tot i que es va criar a la ciutat de Saragossa despr\u00e9s dels seus estudis superiors en disseny gr\u00e0fic decideix focalitzar el seu treball en activisme veg\u00e0. Segons un article d&#8217;Anna Kubrick, Pilar&hellip; <\/p><\/div>\n\n\n<div style=\"height:0px\" aria-hidden=\"true\" class=\"wp-block-spacer wp-container-content-32e3a40d\"><\/div>\n<\/div>\n\n<\/li><li class=\"wp-block-post post-384 post type-post status-publish format-standard has-post-thumbnail hentry category-art-ecologista category-artistes tag-activisme tag-art tag-art-activista tag-art-global tag-art-interactiu tag-artistes tag-dones-artistes tag-happening tag-historia tag-medis-dexpressio tag-mundial tag-obres-destacades tag-performance\">\n<figure style=\"aspect-ratio:3\/4; padding-bottom:var(--wp--preset--spacing--20);margin-bottom:0;\" class=\"wp-block-post-featured-image\"><a href=\"https:\/\/alumnes.eram.cat\/fm\/artactivista\/podem-canviar-el-mon\/\" target=\"_self\"  ><img loading=\"lazy\" decoding=\"async\" width=\"1000\" height=\"617\" src=\"https:\/\/alumnes.eram.cat\/fm\/artactivista\/wp-content\/uploads\/sites\/217\/2024\/03\/0_bPhN7hohQ3S7gPFD.jpg\" class=\"attachment-post-thumbnail size-post-thumbnail wp-post-image\" alt=\"Podem canviar el m\u00f3n?\" style=\"width:100%;height:100%;object-fit:cover;\" srcset=\"https:\/\/alumnes.eram.cat\/fm\/artactivista\/wp-content\/uploads\/sites\/217\/2024\/03\/0_bPhN7hohQ3S7gPFD.jpg 1000w, https:\/\/alumnes.eram.cat\/fm\/artactivista\/wp-content\/uploads\/sites\/217\/2024\/03\/0_bPhN7hohQ3S7gPFD-300x185.jpg 300w\" sizes=\"100vw\" \/><\/a><\/figure>\n\n\n<div class=\"wp-block-group is-vertical is-nowrap is-layout-flex wp-container-core-group-is-layout-97ba36a5 wp-block-group-is-layout-flex\" style=\"margin-top:var(--wp--preset--spacing--20);padding-top:0\"><h2 class=\"wp-block-post-title has-large-font-size wp-container-content-32e3a40d\"><a href=\"https:\/\/alumnes.eram.cat\/fm\/artactivista\/podem-canviar-el-mon\/\" target=\"_self\" >Podem canviar el m\u00f3n?<\/a><\/h2>\n\n\n\n<div class=\"wp-block-post-excerpt has-text-color has-contrast-2-color has-small-font-size wp-container-content-32e3a40d\"><p class=\"wp-block-post-excerpt__excerpt\">L&#8217;art activista, aquesta amalgama de creativitat i comprom\u00eds social, ha demostrat repetidament la seva capacitat per a provocar canvis significatius en el m\u00f3n que habitem. M\u00e9s enll\u00e0 de ser merament una expressi\u00f3 est\u00e8tica, l&#8217;art activista s&#8217;erigeix com una for\u00e7a motriu que desperta consci\u00e8ncies, mobilitza comunitats i desafia les injust\u00edcies arrelades en les nostres societats. Un&hellip; <\/p><\/div>\n\n\n<div style=\"height:0px\" aria-hidden=\"true\" class=\"wp-block-spacer wp-container-content-32e3a40d\"><\/div>\n<\/div>\n\n<\/li><\/ul>\n\n\n<div style=\"margin-top:0;margin-bottom:0;height:var(--wp--preset--spacing--40)\" aria-hidden=\"true\" class=\"wp-block-spacer\"><\/div>\n\n\n<nav class=\"wp-block-query-pagination is-content-justification-space-between is-layout-flex wp-container-core-query-pagination-is-layout-b2891da8 wp-block-query-pagination-is-layout-flex\" aria-label=\"Paginaci\u00f3\">\n\n\n<a href=\"\/fm\/artactivista\/wp-json\/wp\/v2\/pages\/146?query-16-page=2\" class=\"wp-block-query-pagination-next\">P\u00e0gina seg\u00fcent<span class='wp-block-query-pagination-next-arrow is-arrow-arrow' aria-hidden='true'>\u2192<\/span><\/a>\n<\/nav><\/div>\n<\/div>\n","protected":false},"excerpt":{"rendered":"","protected":false},"author":144,"featured_media":0,"parent":0,"menu_order":0,"comment_status":"open","ping_status":"closed","template":"","meta":{"_eb_attr":"","editor_plus_copied_stylings":"{}","footnotes":""},"class_list":["post-146","page","type-page","status-publish","hentry"],"_links":{"self":[{"href":"https:\/\/alumnes.eram.cat\/fm\/artactivista\/wp-json\/wp\/v2\/pages\/146","targetHints":{"allow":["GET"]}}],"collection":[{"href":"https:\/\/alumnes.eram.cat\/fm\/artactivista\/wp-json\/wp\/v2\/pages"}],"about":[{"href":"https:\/\/alumnes.eram.cat\/fm\/artactivista\/wp-json\/wp\/v2\/types\/page"}],"author":[{"embeddable":true,"href":"https:\/\/alumnes.eram.cat\/fm\/artactivista\/wp-json\/wp\/v2\/users\/144"}],"replies":[{"embeddable":true,"href":"https:\/\/alumnes.eram.cat\/fm\/artactivista\/wp-json\/wp\/v2\/comments?post=146"}],"version-history":[{"count":5,"href":"https:\/\/alumnes.eram.cat\/fm\/artactivista\/wp-json\/wp\/v2\/pages\/146\/revisions"}],"predecessor-version":[{"id":667,"href":"https:\/\/alumnes.eram.cat\/fm\/artactivista\/wp-json\/wp\/v2\/pages\/146\/revisions\/667"}],"wp:attachment":[{"href":"https:\/\/alumnes.eram.cat\/fm\/artactivista\/wp-json\/wp\/v2\/media?parent=146"}],"curies":[{"name":"wp","href":"https:\/\/api.w.org\/{rel}","templated":true}]}}